{"id":11518,"date":"2023-03-21T15:03:36","date_gmt":"2023-03-21T15:03:36","guid":{"rendered":"https:\/\/markacatdemo.com\/kayrayedek\/?page_id=11518"},"modified":"2023-03-23T11:15:49","modified_gmt":"2023-03-23T11:15:49","slug":"kayra-kvkk-iletisim-aydinlatma-metni","status":"publish","type":"page","link":"https:\/\/kayrametal.com\/en\/kayra-kvkk-iletisim-aydinlatma-metni\/","title":{"rendered":"Kayra KVKK \u0130leti\u015fim Ayd\u0131nlatma Metni"},"content":{"rendered":"<p class=\" translation-block\">The personal data such as \"name-surname, telephone number, e-mail address\" shared by those who communicated with the contact line on Kayra Metal A.\u015e. \"kayrametal.com\" web address are processed limited for the following purposes<\/p>\n\n\n\n<ol class=\"wp-block-list\" type=\"1\">\n<li>a) To be able to address the contact person correctly,<\/li>\n\n\n\n<li>b) Confirmation of communication,<\/li>\n\n\n\n<li>c) Follow-up of requests, suggestions and complaints,<\/li>\n\n\n\n<li>d) Use as evidence in disputes that may arise<\/li>\n<\/ol>\n\n\n\n<p>.<\/p>\n\n\n\n<p class=\" translation-block\">These personal data are transferred to \"Authorized public institutions and organizations\" in order to fulfill the obligations arising from the provisions of the relevant legislation and to resolve legal disputes.<\/p>\n\n\n\n<p class=\" translation-block\">These personal data are processed automatically in digital environment based on the legal reason stated in Article 5 of the Law that \"it is mandatory for the legitimate interest of the data controller, provided that it does not harm the fundamental rights and freedoms of the data subject, and to fulfill the legal obligation\".<\/p>\n\n\n\n<p class=\" translation-block\">Pursuant to the provisions of the Communiqu\u00e9 on the Procedures and Principles of Application to the Data Controller, Kayra Metal A.\u015e., which is the Data Controller, is located at Yenibosna Merkez Mahallesi, Kavak Sk. No:4, Bah\u00e7elievler\/ISTANBUL, you can submit your requests in writing regarding the rights specified in Article 11 of the Personal Data Protection Law No. 6698<\/p>\n\n\n\n<p><\/p>","protected":false},"excerpt":{"rendered":"<p>Kayra Metal A.\u015e&nbsp;\u201ckayrametal.com\u201d&nbsp;web adresinde yer alan ileti\u015fim hatt\u0131 ile ileti\u015fim kuranlar\u0131n payla\u015fm\u0131\u015f oldu\u011fu&nbsp;\u201cad-soyad,telefon numaras\u0131,e-mail adresine\u201d&nbsp;ait ki\u015fisel verileri: ama\u00e7lar\u0131yla s\u0131n\u0131rl\u0131 olarak<\/p>","protected":false},"author":1,"featured_media":0,"parent":0,"menu_order":0,"comment_status":"closed","ping_status":"closed","template":"","meta":{"_seopress_robots_primary_cat":"","_seopress_titles_title":"","_seopress_titles_desc":"","_seopress_robots_index":"","footnotes":""},"class_list":["post-11518","page","type-page","status-publish","hentry"],"_links":{"self":[{"href":"https:\/\/kayrametal.com\/en\/wp-json\/wp\/v2\/pages\/11518","targetHints":{"allow":["GET"]}}],"collection":[{"href":"https:\/\/kayrametal.com\/en\/wp-json\/wp\/v2\/pages"}],"about":[{"href":"https:\/\/kayrametal.com\/en\/wp-json\/wp\/v2\/types\/page"}],"author":[{"embeddable":true,"href":"https:\/\/kayrametal.com\/en\/wp-json\/wp\/v2\/users\/1"}],"replies":[{"embeddable":true,"href":"https:\/\/kayrametal.com\/en\/wp-json\/wp\/v2\/comments?post=11518"}],"version-history":[{"count":0,"href":"https:\/\/kayrametal.com\/en\/wp-json\/wp\/v2\/pages\/11518\/revisions"}],"wp:attachment":[{"href":"https:\/\/kayrametal.com\/en\/wp-json\/wp\/v2\/media?parent=11518"}],"curies":[{"name":"wp","href":"https:\/\/api.w.org\/{rel}","templated":true}]}}